{"id":7,"date":"2024-10-02T22:29:54","date_gmt":"2024-10-02T22:29:54","guid":{"rendered":"https:\/\/academia.avalonmotorsport.com\/?page_id=7"},"modified":"2026-05-09T09:30:03","modified_gmt":"2026-05-09T09:30:03","slug":"elementor-7","status":"publish","type":"page","link":"https:\/\/academia.avalonmotorsport.com\/","title":{"rendered":"Elementor #7"},"content":{"rendered":"\t\t<div data-elementor-type=\"wp-post\" data-elementor-id=\"7\" class=\"elementor elementor-7\">\n\t\t\t\t<div class=\"elementor-element elementor-element-22f4110 e-flex e-con-boxed e-con e-parent\" data-id=\"22f4110\" data-element_type=\"container\" data-settings=\"{&quot;background_background&quot;:&quot;classic&quot;}\">\n\t\t\t\t\t<div class=\"e-con-inner\">\n\t\t\t\t<div class=\"elementor-element elementor-element-9e39ba9 elementor-widget elementor-widget-image\" data-id=\"9e39ba9\" data-element_type=\"widget\" data-widget_type=\"image.default\">\n\t\t\t\t<div class=\"elementor-widget-container\">\n\t\t\t\t\t\t\t\t\t\t\t\t\t<img decoding=\"async\" width=\"300\" height=\"165\" src=\"https:\/\/academia.avalonmotorsport.com\/wp-content\/uploads\/2024\/10\/avalon_academy_logo-300x165.webp\" class=\"attachment-medium size-medium wp-image-14\" alt=\"\" srcset=\"https:\/\/academia.avalonmotorsport.com\/wp-content\/uploads\/2024\/10\/avalon_academy_logo-300x165.webp 300w, https:\/\/academia.avalonmotorsport.com\/wp-content\/uploads\/2024\/10\/avalon_academy_logo-1024x562.webp 1024w, https:\/\/academia.avalonmotorsport.com\/wp-content\/uploads\/2024\/10\/avalon_academy_logo-768x422.webp 768w, https:\/\/academia.avalonmotorsport.com\/wp-content\/uploads\/2024\/10\/avalon_academy_logo.webp 1290w\" sizes=\"(max-width: 300px) 100vw, 300px\" \/>\t\t\t\t\t\t\t\t\t\t\t\t\t<\/div>\n\t\t\t\t<\/div>\n\t\t\t\t\t<\/div>\n\t\t\t\t<\/div>\n\t\t\t\t<\/div>\n\t\t","protected":false},"excerpt":{"rendered":"<p>https:\/\/test1.com %8511778074749862%\u043f\u0438\u043d\u043a\u043e \u043a\u0430\u0437\u0438\u043e\u043f\u0438\u043d\u043a\u043e \u043a\u0430\u0437\u0438\u043e\u043f\u0438\u043d\u043a\u043e \u043a\u0430\u0437\u0438\u043e\u043f\u0438\u043d\u043a\u043e \u043a\u0430\u0437\u0438\u043e\u043f\u0438\u043d\u043a\u043e \u043a\u0430\u0437\u0438\u043e Mostbet Mostbet Mostbet Mostbet Mostbet 1\u0432\u0438\u043d \u0432\u0445\u043e\u04341\u0432\u0438\u043d \u0432\u0445\u043e\u04341\u0432\u0438\u043d \u0432\u0445\u043e\u04341\u0432\u0438\u043d \u0432\u0445\u043e\u04341Win1Win1Winutl\u00e4ndska casino1Winutl\u00e4ndska casino1Winutl\u00e4ndska casinoutl\u00e4ndska casinoutl\u00e4ndska casino<\/p>\n","protected":false},"author":1,"featured_media":0,"parent":0,"menu_order":0,"comment_status":"closed","ping_status":"closed","template":"elementor_canvas","meta":{"footnotes":""},"class_list":["post-7","page","type-page","status-publish","hentry"],"_links":{"self":[{"href":"https:\/\/academia.avalonmotorsport.com\/index.php?rest_route=\/wp\/v2\/pages\/7","targetHints":{"allow":["GET"]}}],"collection":[{"href":"https:\/\/academia.avalonmotorsport.com\/index.php?rest_route=\/wp\/v2\/pages"}],"about":[{"href":"https:\/\/academia.avalonmotorsport.com\/index.php?rest_route=\/wp\/v2\/types\/page"}],"author":[{"embeddable":true,"href":"https:\/\/academia.avalonmotorsport.com\/index.php?rest_route=\/wp\/v2\/users\/1"}],"replies":[{"embeddable":true,"href":"https:\/\/academia.avalonmotorsport.com\/index.php?rest_route=%2Fwp%2Fv2%2Fcomments&post=7"}],"version-history":[{"count":35,"href":"https:\/\/academia.avalonmotorsport.com\/index.php?rest_route=\/wp\/v2\/pages\/7\/revisions"}],"predecessor-version":[{"id":383,"href":"https:\/\/academia.avalonmotorsport.com\/index.php?rest_route=\/wp\/v2\/pages\/7\/revisions\/383"}],"wp:attachment":[{"href":"https:\/\/academia.avalonmotorsport.com\/index.php?rest_route=%2Fwp%2Fv2%2Fmedia&parent=7"}],"curies":[{"name":"wp","href":"https:\/\/api.w.org\/{rel}","templated":true}]}}